{"id":44346,"date":"2025-01-31T20:05:23","date_gmt":"2025-01-31T17:05:23","guid":{"rendered":"https:\/\/bulutogluinsaat.com\/?page_id=44346"},"modified":"2025-01-31T23:27:32","modified_gmt":"2025-01-31T20:27:32","slug":"kvkk-clarification-text","status":"publish","type":"page","link":"https:\/\/bulutogluinsaat.com\/en\/kvkk-clarification-text\/","title":{"rendered":"KVKK Clarification Text"},"content":{"rendered":"\t\t<div data-elementor-type=\"wp-page\" data-elementor-id=\"44346\" class=\"elementor elementor-44346\">\n\t\t\t\t\t\t<section class=\"elementor-section elementor-top-section elementor-element elementor-element-6270b612 elementor-section-boxed elementor-section-height-default elementor-section-height-default sc_fly_static\" data-id=\"6270b612\" data-element_type=\"section\" data-settings=\"{&quot;background_background&quot;:&quot;classic&quot;}\">\n\t\t\t\t\t\t<div class=\"elementor-container elementor-column-gap-extended\">\n\t\t\t\t\t<div class=\"elementor-column elementor-col-100 elementor-top-column elementor-element elementor-element-69230226 sc_content_align_inherit sc_layouts_column_icons_position_left sc_fly_static\" data-id=\"69230226\" data-element_type=\"column\">\n\t\t\t<div class=\"elementor-widget-wrap elementor-element-populated\">\n\t\t\t\t\t\t<div class=\"elementor-element elementor-element-b0a055b sc_fly_static elementor-widget elementor-widget-text-editor\" data-id=\"b0a055b\" data-element_type=\"widget\" data-widget_type=\"text-editor.default\">\n\t\t\t\t<div class=\"elementor-widget-container\">\n\t\t\t\t\t\t\t\t\t<h5>KVKK Clarification Text<\/h5><p>Bulutoglu Construction &amp; Marble<\/p><p>Clarification Text on Protection and Processing of Personal Data<br \/>As Buluto\u011flu \u0130n\u015faat, we care about the security of your personal data within the scope of the Law No. 6698 on the Protection of Personal Data (\u2018KVKK\u2019). Therefore, we would like to inform you about the following issues:<br \/>Data Controller: Your personal data is processed by Buluto\u011flu Construction &amp; Marble as the data controller.<\/p><p>Method and Legal Reason for Collection of Personal Data: Your personal data; When you visit our website, fill in the contact forms or contact us in other ways, it is collected in line with the legal reasons specified in Articles 5 and 6 of the KVKK.<\/p><p>Purposes of Processing Personal Data: Your personal data are processed for the following purposes:<\/p><ul><li>To be able to respond to the questions and requests you direct to us,<\/li><li>To be able to offer you our services better,<\/li><li>To fulfil our legal obligations.<\/li><\/ul><p>Transfer of Personal Data: Your personal data can only be shared with legally authorised public institutions and organisations and third parties such as our business partners in accordance with the conditions and purposes specified in the KVKK.<\/p><p>Your Rights as a Data Owner: Pursuant to Article 11 of the KVKK, you have the right to learn whether your personal data has been processed, to learn the purpose of processing, to request correction if incomplete or incorrectly processed, to request deletion or destruction. You can contact us to exercise these rights.<\/p><p>Contact us: You can contact us through the following communication channels for any questions and requests regarding the protection of your personal data:<\/p><p>Bulutoglu Construction &amp; Marble<br \/>Web: <a href=\"https:\/\/bulutogluinsaat.com\/\">https:\/\/bulutogluinsaat.com\/<\/a><\/p>\t\t\t\t\t\t\t\t<\/div>\n\t\t\t\t<\/div>\n\t\t\t\t\t<\/div>\n\t\t<\/div>\n\t\t\t\t\t<\/div>\n\t\t<\/section>\n\t\t\t\t<\/div>\n\t\t","protected":false},"excerpt":{"rendered":"<p>KVKK Clarification Text Bulutoglu Construction &amp; Marble Clarification Text on Protection and Processing of Personal&hellip;<\/p>\n","protected":false},"author":1,"featured_media":0,"parent":0,"menu_order":0,"comment_status":"closed","ping_status":"closed","template":"","meta":{"footnotes":""},"class_list":["post-44346","page","type-page","status-publish","hentry"],"aioseo_notices":[],"_links":{"self":[{"href":"https:\/\/bulutogluinsaat.com\/en\/wp-json\/wp\/v2\/pages\/44346","targetHints":{"allow":["GET"]}}],"collection":[{"href":"https:\/\/bulutogluinsaat.com\/en\/wp-json\/wp\/v2\/pages"}],"about":[{"href":"https:\/\/bulutogluinsaat.com\/en\/wp-json\/wp\/v2\/types\/page"}],"author":[{"embeddable":true,"href":"https:\/\/bulutogluinsaat.com\/en\/wp-json\/wp\/v2\/users\/1"}],"replies":[{"embeddable":true,"href":"https:\/\/bulutogluinsaat.com\/en\/wp-json\/wp\/v2\/comments?post=44346"}],"version-history":[{"count":0,"href":"https:\/\/bulutogluinsaat.com\/en\/wp-json\/wp\/v2\/pages\/44346\/revisions"}],"wp:attachment":[{"href":"https:\/\/bulutogluinsaat.com\/en\/wp-json\/wp\/v2\/media?parent=44346"}],"curies":[{"name":"wp","href":"https:\/\/api.w.org\/{rel}","templated":true}]}}